{"id":2282,"date":"2023-11-07T11:14:38","date_gmt":"2023-11-07T11:14:38","guid":{"rendered":"http:\/\/redesign.schoenbrunnorchester.com\/?page_id=2282"},"modified":"2026-04-12T17:18:04","modified_gmt":"2026-04-12T17:18:04","slug":"data-protection-statement","status":"publish","type":"page","link":"https:\/\/www.schoenbrunnorchester.com\/de\/data-protection-statement\/","title":{"rendered":"Datenschutzerkl\u00e4rung"},"content":{"rendered":"<div data-elementor-type=\"wp-page\" data-elementor-id=\"2282\" class=\"elementor elementor-2282\" data-elementor-post-type=\"page\">\n\t\t\t\t<div class=\"elementor-element elementor-element-bd3da78 e-flex e-con-boxed e-con e-parent\" data-id=\"bd3da78\" data-element_type=\"container\" data-e-type=\"container\" data-settings=\"{&quot;background_background&quot;:&quot;classic&quot;}\">\n\t\t\t\t\t<div class=\"e-con-inner\">\n\t\t<div class=\"elementor-element elementor-element-a49e7f5 e-flex e-con-boxed e-con e-child\" data-id=\"a49e7f5\" data-element_type=\"container\" data-e-type=\"container\" data-settings=\"{&quot;background_background&quot;:&quot;classic&quot;}\">\n\t\t\t\t\t<div class=\"e-con-inner\">\n\t\t\t\t<div class=\"elementor-element elementor-element-49580f8 elementor-widget elementor-widget-heading\" data-id=\"49580f8\" data-element_type=\"widget\" data-e-type=\"widget\" data-widget_type=\"heading.default\">\n\t\t\t\t<div class=\"elementor-widget-container\">\n\t\t\t\t\t<h1 class=\"elementor-heading-title elementor-size-default\">Datenschutzerkl\u00e4rung<\/h1>\t\t\t\t<\/div>\n\t\t\t\t<\/div>\n\t\t<div class=\"elementor-element elementor-element-64440d3 e-flex e-con-boxed e-con e-child\" data-id=\"64440d3\" data-element_type=\"container\" data-e-type=\"container\">\n\t\t\t\t\t<div class=\"e-con-inner\">\n\t\t\t\t<div class=\"elementor-element elementor-element-600b371 elementor-widget elementor-widget-text-editor\" data-id=\"600b371\" data-element_type=\"widget\" data-e-type=\"widget\" data-widget_type=\"text-editor.default\">\n\t\t\t\t<div class=\"elementor-widget-container\">\n\t\t\t\t\t\t\t\t\t<p style=\"font-weight: 400;\"><strong>Datenschutzerkl\u00e4rung<\/strong><\/p><p style=\"font-weight: 400;\"><strong>Erhebung, Verarbeitung und Nutzung personenbezogener Daten<\/strong><br \/>Gegenstand unseres Unternehmens ist die Organisation von Veranstaltungen, sowie die Vermittlung von K\u00fcnstlern und die damit in Verbindung stehenden Dienst-, Abrechnungs- und Serviceleistungen. Die Datenerhebung, -verarbeitung und -nutzung erfolgt zur Aus\u00fcbung dieser Zwecke (sogenanntes \"berechtigtes Interesse\").\u00a0<br \/>Der Nutzer kann die Website der PHI besuchen, ohne Angaben zu seiner Person zu machen. Die PHI speichert lediglich Zugriffsdaten ohne Personenbezug, wie z.B. den Namen des Internet Service-Providers, die Seite, von der aus die Website der PHI besucht wird oder den Namen der angeforderten Datei. Diese Daten werden ausschlie\u00dflich zur Verbesserung des Angebotes der PHI ausgewertet und erlauben keinen R\u00fcckschluss auf die Person.<br \/>Personenbezogene Daten werden nur erhoben, wenn der Kunde diese im Rahmen einer Registrierung (Er\u00f6ffnung eines Kundenkontos), Bestellung oder bei der Registrierung f\u00fcr den Newsletter freiwillig der PHI mitteilt. Die PHI verwendet diese mitgeteilten Daten ohne die gesonderte Einwilligung des Kunden ausschlie\u00dflich zur Erf\u00fcllung und Abwicklung der Bestellung. Mit vollst\u00e4ndiger Abwicklung des Vertrages und vollst\u00e4ndiger Kaufpreiszahlung werden die Daten des Kunden f\u00fcr die weitere Verwendung gesperrt und nach Ablauf der steuer- und handelsrechtlichen Aufbewahrungsfristen gel\u00f6scht, sofern dieser nicht ausdr\u00fccklich in die weitere Nutzung seiner Daten eingewilligt hat. Im Rahmen der Registrierung angegebene Daten bleiben bis zur L\u00f6schung des Kundenkontos gespeichert. Eine L\u00f6schung des Kundenkontos kann jederzeit per Email an peter.hosek@image-music.com veranlasst werden. Vorbehaltlich der Einhaltung gesetzlicher Aufbewahrungsfristen werden unmittelbar im Anschluss hieran die personenbezogenen Daten gel\u00f6scht. Bei Anmeldung zum Newsletter wird die E-Mail-Adresse mit Einwilligung des Kunden f\u00fcr Werbezwecke der PHI genutzt, bis der Kunde sich vom Newsletter abmeldet. Eine Abmeldung ist jederzeit m\u00f6glich.<\/p><p><strong>Verwendung von Cookies\u00a0<br \/><\/strong>Auf verschiedenen Seiten verwendet die PHI Cookies, um den Besuch der Website attraktiv zu gestalten und die Nutzung bestimmter Funktionen zu erm\u00f6glichen. Hierbei handelt es sich um kleine Textdateien, die auf dem Rechner des Nutzers abgelegt werden. Die meisten der verwendeten Cookies werden nach dem Ende der Browser-Sitzung wieder von der Festplatte des Nutzers gel\u00f6scht (sog. Sitzungs-Cookies). Andere Cookies verbleiben auf dem Rechner des Nutzers und erm\u00f6glichen es der PHI, den Rechner des Nutzers bei seinem n\u00e4chsten Besuch wieder zu erkennen (sog. dauerhafte Cookies).<\/p><p><strong>Verwendung von Facebook-Plugins<br \/><\/strong>Auf der Website der PHI sind Plugins des sozialen Netzwerks Facebook, 1601 South California Avenue, Palo Alto, CA 94304, USA integriert. Die Facebook-Plugins sind an dem Facebook-Logo oder dem \"Like-Button\" (\"Gef\u00e4llt mir\") auf der Seite erkennbar. Folgender Link gibt eine \u00dcbersicht \u00fcber die Facebook-Plugins:\u00a0<a href=\"\/de\/developers.facebook.com\/docs\/plugins\/.\/\" target=\"_blank\" rel=\"noopener\">developers.facebook.com\/docs\/plugins\/.<\/a>\/.<br \/>Wenn der Nutzer diese Seiten der PHI besucht, wird \u00fcber das Plugin eine direkte Verbindung zwischen dem Browser des Nutzers und dem Facebook-Server hergestellt. Facebook erh\u00e4lt dadurch die Information, dass der Nutzer mit seiner IP-Adresse die Seite der PHI besucht hat. Wenn der Nutzer den Facebook \"Like-Button\" anklickt w\u00e4hrend er in seinem Facebook-Account eingeloggt ist, kann der Nutzer die Inhalte der Seiten der PHI auf seinem Facebook-Profil verlinken. Dadurch kann Facebook den Besuch der Seiten der PHI dem Benutzerkonto des Nutzers zuordnen. Die PHI weist darauf hin, dass die PHI als Anbieter der Seiten keine Kenntnis vom Inhalt der \u00fcbermittelten Daten sowie deren Nutzung durch Facebook erh\u00e4lt. Weitere Informationen hierzu sind in der Datenschutzerkl\u00e4rung von Facebook aufrufbar unter\u00a0<a href=\"\/de\/de-de.facebook.com\/policy.php\/\" target=\"_blank\" rel=\"noopener\">de-de.facebook.com\/policy.php<\/a><br \/>Wenn der Nutzer nicht w\u00fcnscht, dass Facebook den Besuch der Seiten der PHI dem Facebook-Nutzerkonto des Nutzers zuordnen kann, muss sich der Nutzer aus seinem Facebook-Benutzerkonto ausloggen.<\/p><p><strong>Verwendung von Google Analytics<br \/><\/strong>Diese Website benutzt Google Analytics, einen Webanalysedienst der Google Inc. (\"Google\"). Google Analytics verwendet sog. \"Cookies\", Textdateien, die auf dem Computer gespeichert werden und die eine Analyse der Benutzung der Website erm\u00f6glichen. Die durch den Cookie erzeugten Informationen \u00fcber die Benutzung dieser Website werden in der Regel an einen Server von Google in den USA \u00fcbertragen und dort gespeichert. Im Falle der Aktivierung der IP-Anonymisierung auf dieser Webseite wird die IP-Adresse von Google jedoch innerhalb von Mitgliedstaaten der Europ\u00e4ischen Union oder in anderen Vertragsstaaten des Abkommens \u00fcber den Europ\u00e4ischen Wirtschaftsraum zuvor gek\u00fcrzt. Nur in Ausnahmef\u00e4llen wird die volle IP-Adresse an einen Server von Google in den USA \u00fcbertragen und dort gek\u00fcrzt. Im Auftrag des Betreibers dieser Website wird Google diese Informationen benutzen, um die Nutzung der Website durch die Besucher auszuwerten, um Reports \u00fcber die Websiteaktivit\u00e4ten zusammenzustellen und um weitere mit der Websitenutzung und der Internetnutzung verbundene Dienstleistungen gegen\u00fcber dem Websitebetreiber zu erbringen. Die im Rahmen von Google Analytics von dem Browser \u00fcbermittelte IP-Adresse wird nicht mit anderen Daten von Google zusammengef\u00fchrt.<br \/>Der Nutzer kann die Speicherung der Cookies durch eine entsprechende Einstellung der Browser-Software verhindern; die PHI weist jedoch darauf hin, dass in diesem Fall gegebenenfalls nicht s\u00e4mtliche Funktionen dieser Website vollumf\u00e4nglich benutzt werden k\u00f6nnen. Der Nutzer kann dar\u00fcber hinaus die Erfassung der durch das Cookie erzeugten und auf die Nutzung der Website bezogenen Daten (inkl. Ihrer IP-Adresse) an Google, sowie die Verarbeitung dieser Daten durch Google verhindern, indem das unter dem folgenden Link verf\u00fcgbare Browser-Plugin heruntergeladen und installiert wird:\u00a0<a href=\"http:\/\/tools.google.com\/dlpage\/gaoptout?hl=de\" target=\"_blank\" rel=\"noopener\">http:\/\/tools.google.com\/dlpage\/gaoptout?hl=de<\/a>.<\/p><p><strong>Weitergabe personenbezogener Daten<br \/><\/strong>Falls PHI als Veranstalter auftritt, erfolgt eine Weitergabe der Kundendaten an das mit der Lieferung beauftragte Versandunternehmen, soweit dies zur Lieferung der Eintrittskarten notwendig ist. Zur Abwicklung von Zahlungen gibt die PHI Zahlungsdaten des Kunden an das mit der Zahlung beauftragte Kreditinstitut weiter. Im \u00dcbrigen erfolgt keine Weitergabe der personenbezogenen Daten. Wenn PHI an Vermittler auftritt, erfolgt keine Weitergabe der personenbezogenen Daten.<\/p><p><strong>Auskunftsrecht<br \/><\/strong>Nach dem Datenschutzgesetz hat der Nutzer ein Recht auf unentgeltliche Auskunft \u00fcber die gespeicherten Daten sowie ggf. ein Recht auf Berichtigung, Sperrung oder L\u00f6schung dieser Daten.<\/p><p><strong>Ansprechpartner f\u00fcr Datenschutz\u00a0<br \/><\/strong>Bei Fragen zur Erhebung, Verarbeitung oder Nutzung der personenbezogenen Daten, bei Ausk\u00fcnften, Berichtigung, Sperrung oder L\u00f6schung von Daten sowie Widerruf erteilter Einwilligungen wenden Sie sich bitte an: peter.hosek@image-music.com<\/p><p><strong>Datensicherheit<br \/><\/strong>Die personenbezogenen Daten werden auf der Website mittels des \u00dcbertragungsverfahrens \u201eSSL\" verschl\u00fcsselt \u00fcbertragen. Die PHI sichert diese Website und sonstigen Systeme durch technische und organisatorische Ma\u00dfnahmen gegen Verlust, Zerst\u00f6rung, Zugriff, Ver\u00e4nderung oder Verbreitung der Daten durch unbefugte Personen.<\/p><p><strong>Wiederholung von Einwilligungserkl\u00e4rungen\u00a0<br \/><\/strong>Die nachstehende Einwilligung hat der Nutzer der PHI ggf. ausdr\u00fccklich erteilt und die PHI hat diese Einwilligung protokolliert. Nach dem E-Commerce-Gesetz ist die PHI verpflichtet, den Inhalt von Einwilligungen jederzeit zum Abruf bereit zu halten. Der Nutzer kann die Einwilligung jederzeit mit Wirkung f\u00fcr die Zukunft widerrufen.<\/p><p><strong>Erlaubnis zur E-Mail-Werbung\u00a0<br \/><\/strong>Ich m\u00f6chte den aktuellen Newsletter mit Sonderangeboten und Neuigkeiten erhalten. Eine Abmeldung ist jederzeit m\u00f6glich.\u00a0<\/p><p style=\"font-weight: 400;\">Diese Datenschutzerkl\u00e4rung ist in englischer und deutscher Sprache verfasst. Im Falle von Unstimmigkeiten zwischen den beiden Versionen ist die deutsche Version ma\u00dfgebend.<\/p>\t\t\t\t\t\t\t\t<\/div>\n\t\t\t\t<\/div>\n\t\t\t\t\t<\/div>\n\t\t\t\t<\/div>\n\t\t\t\t\t<\/div>\n\t\t\t\t<\/div>\n\t\t\t\t\t<\/div>\n\t\t\t\t<\/div>\n\t\t\t\t<\/div>","protected":false},"excerpt":{"rendered":"<p>Data protection statement DATA PROTECTION STATEMENT Collecting, processing and using personal dataThe purpose of our business is the organization and arrangement of events, as well as all agency services for artists and all services connected with these activities. The data collection, processing and use of data are conducted in order to fulfil this purpose (so [&hellip;]<\/p>\n","protected":false},"author":4,"featured_media":0,"parent":0,"menu_order":0,"comment_status":"closed","ping_status":"closed","template":"","meta":{"_acf_changed":false,"footnotes":""},"class_list":["post-2282","page","type-page","status-publish","hentry"],"acf":[],"_links":{"self":[{"href":"https:\/\/www.schoenbrunnorchester.com\/de\/wp-json\/wp\/v2\/pages\/2282","targetHints":{"allow":["GET"]}}],"collection":[{"href":"https:\/\/www.schoenbrunnorchester.com\/de\/wp-json\/wp\/v2\/pages"}],"about":[{"href":"https:\/\/www.schoenbrunnorchester.com\/de\/wp-json\/wp\/v2\/types\/page"}],"author":[{"embeddable":true,"href":"https:\/\/www.schoenbrunnorchester.com\/de\/wp-json\/wp\/v2\/users\/4"}],"replies":[{"embeddable":true,"href":"https:\/\/www.schoenbrunnorchester.com\/de\/wp-json\/wp\/v2\/comments?post=2282"}],"version-history":[{"count":10,"href":"https:\/\/www.schoenbrunnorchester.com\/de\/wp-json\/wp\/v2\/pages\/2282\/revisions"}],"predecessor-version":[{"id":37896,"href":"https:\/\/www.schoenbrunnorchester.com\/de\/wp-json\/wp\/v2\/pages\/2282\/revisions\/37896"}],"wp:attachment":[{"href":"https:\/\/www.schoenbrunnorchester.com\/de\/wp-json\/wp\/v2\/media?parent=2282"}],"curies":[{"name":"wp","href":"https:\/\/api.w.org\/{rel}","templated":true}]}}