{"id":2291,"date":"2023-11-07T11:21:47","date_gmt":"2023-11-07T11:21:47","guid":{"rendered":"http:\/\/redesign.schoenbrunnorchester.com\/?page_id=2291"},"modified":"2024-09-25T05:22:32","modified_gmt":"2024-09-25T05:22:32","slug":"conditions","status":"publish","type":"page","link":"https:\/\/www.schoenbrunnorchester.com\/de\/conditions\/","title":{"rendered":"Allgemeine Gesch\u00e4ftsbedingungen"},"content":{"rendered":"<div data-elementor-type=\"wp-page\" data-elementor-id=\"2291\" class=\"elementor elementor-2291\" data-elementor-post-type=\"page\">\n\t\t\t\t<div class=\"elementor-element elementor-element-c8f8c53 e-flex e-con-boxed e-con e-parent\" data-id=\"c8f8c53\" data-element_type=\"container\" data-e-type=\"container\" data-settings=\"{&quot;background_background&quot;:&quot;classic&quot;}\">\n\t\t\t\t\t<div class=\"e-con-inner\">\n\t\t<div class=\"elementor-element elementor-element-60c7810 e-flex e-con-boxed e-con e-child\" data-id=\"60c7810\" data-element_type=\"container\" data-e-type=\"container\" data-settings=\"{&quot;background_background&quot;:&quot;classic&quot;}\">\n\t\t\t\t\t<div class=\"e-con-inner\">\n\t\t\t\t<div class=\"elementor-element elementor-element-495a71c elementor-widget elementor-widget-heading\" data-id=\"495a71c\" data-element_type=\"widget\" data-e-type=\"widget\" data-widget_type=\"heading.default\">\n\t\t\t\t<div class=\"elementor-widget-container\">\n\t\t\t\t\t<h1 class=\"elementor-heading-title elementor-size-default\">Allgemeine Gesch\u00e4ftsbedingungen<\/h1>\t\t\t\t<\/div>\n\t\t\t\t<\/div>\n\t\t<div class=\"elementor-element elementor-element-64fa11a e-flex e-con-boxed e-con e-child\" data-id=\"64fa11a\" data-element_type=\"container\" data-e-type=\"container\">\n\t\t\t\t\t<div class=\"e-con-inner\">\n\t\t\t\t<div class=\"elementor-element elementor-element-15d8255 elementor-widget elementor-widget-text-editor\" data-id=\"15d8255\" data-element_type=\"widget\" data-e-type=\"widget\" data-widget_type=\"text-editor.default\">\n\t\t\t\t<div class=\"elementor-widget-container\">\n\t\t\t\t\t\t\t\t\t<p style=\"font-weight: 400;\">PH International Music and Great Entertainment Veranstaltungsorganisations GmbH, registered office Annagasse 6\/2.Stock, 1010 Wien is a member of the Chamber of Commerce Vienna, department of recreational businesses.<br \/>Gewerbeschein f\u00fcr das freie Gewerbe \"Organisation von Veranstaltungen\" und \u201eK\u00fcnstlervermittlung\u201c.<br \/>Registriert beim Handelsgericht Wien unter der FN 429146 y und der UID ATU 69357536.<br \/>Die PHI vermittelt K\u00fcnstler f\u00fcr Auftritte im In- und Ausland.<\/p><p style=\"font-weight: 400;\"><strong>R\u00fccktrittsrecht:<\/strong><\/p><p style=\"font-weight: 400;\">Ein R\u00fccktrittsrecht f\u00fcr Kunden besteht nicht bei folgenden Vertr\u00e4gen: Dienstleistungen in den Bereichen Beherbergung zu anderen als zu Wohnzwecken, Bef\u00f6rderung von Waren, Vermietung von Kraftfahrzeugen sowie Lieferung von Speisen und Getr\u00e4nken und Dienstleistungen, die im Zusammenhang mit Freizeitbet\u00e4tigungen erbracht werden, sofern jeweils f\u00fcr die Vertragserf\u00fcllung durch den Unternehmer ein bestimmter Zeitpunkt oder Zeitraum vertraglich vorgesehen ist (\u00a7 18 Abs. 1 Z 10 FAGG). Das hei\u00dft, soweit die WKE Dienstleistungen aus dem Bereich der Freizeitbet\u00e4tigung anbietet, insbesondere Eintrittskarten f\u00fcr Veranstaltungen, besteht kein R\u00fccktrittsrecht. Jede Bestellung von Eintrittskarten ist damit bindend und verpflichtet zur Abnahme und Bezahlung der bestellten Karten.<\/p><p style=\"font-weight: 400;\"><strong>Datenschutz<\/strong><\/p><p style=\"font-weight: 400;\">Der Kunde nimmt zur Kenntnis, dass die von ihm elektronisch bekannt gegebenen Daten von PHI zum Zwecke der Vertragsanbahnung und -abwicklung elektronisch verarbeitet werden. Er stimmt ebenso einer Weitergabe dieser Daten im Rahmen der gesetzlichen Bestimmungen und Beschr\u00e4nkungen des Datenschutzgesetzes 2000 an Konzerngesellschaften (Mutter-, oder Tochtergesellschaften) von PHI zu. Der Kunde wird darauf aufmerksam gemacht, dass diese Zustimmung jederzeit widerrufen werden kann.\u00a0<\/p><p style=\"font-weight: 400;\"><strong>Gerichtsstand, Recht<\/strong><\/p><p style=\"font-weight: 400;\">Gerichtsstand f\u00fcr Firmenkunden und Privatkunden aus dem Ausland ist das sachlich zust\u00e4ndige Gericht in Wien; f\u00fcr Privatkunden aus dem Inland ihr \u00f6rtlich und sachlich zust\u00e4ndiges Gericht. Es kommt \u00f6sterreichisches Recht unter Ausschluss der Kollisionsnormen zur Anwendung.<\/p><p style=\"font-weight: 400;\">Wien, Juli 2018<\/p>\t\t\t\t\t\t\t\t<\/div>\n\t\t\t\t<\/div>\n\t\t\t\t\t<\/div>\n\t\t\t\t<\/div>\n\t\t\t\t\t<\/div>\n\t\t\t\t<\/div>\n\t\t\t\t\t<\/div>\n\t\t\t\t<\/div>\n\t\t\t\t<\/div>","protected":false},"excerpt":{"rendered":"<p>Terms and Conditions PH International Music and Great Entertainment Veranstaltungsorganisations GmbH, registered office Annagasse 6\/2.Stock, 1010 Wien is a member of the Chamber of Commerce Vienna, department of recreational businesses.Holder of a business license for the unrestricted businesses &#8220;organization of events&#8221; and &#8220;artistic agency&#8221;.Registered with the Commercial Court Vienna with the company register number 429146 [&hellip;]<\/p>\n","protected":false},"author":4,"featured_media":0,"parent":0,"menu_order":0,"comment_status":"closed","ping_status":"closed","template":"","meta":{"_acf_changed":false,"footnotes":""},"class_list":["post-2291","page","type-page","status-publish","hentry"],"acf":[],"_links":{"self":[{"href":"https:\/\/www.schoenbrunnorchester.com\/de\/wp-json\/wp\/v2\/pages\/2291","targetHints":{"allow":["GET"]}}],"collection":[{"href":"https:\/\/www.schoenbrunnorchester.com\/de\/wp-json\/wp\/v2\/pages"}],"about":[{"href":"https:\/\/www.schoenbrunnorchester.com\/de\/wp-json\/wp\/v2\/types\/page"}],"author":[{"embeddable":true,"href":"https:\/\/www.schoenbrunnorchester.com\/de\/wp-json\/wp\/v2\/users\/4"}],"replies":[{"embeddable":true,"href":"https:\/\/www.schoenbrunnorchester.com\/de\/wp-json\/wp\/v2\/comments?post=2291"}],"version-history":[{"count":10,"href":"https:\/\/www.schoenbrunnorchester.com\/de\/wp-json\/wp\/v2\/pages\/2291\/revisions"}],"predecessor-version":[{"id":33748,"href":"https:\/\/www.schoenbrunnorchester.com\/de\/wp-json\/wp\/v2\/pages\/2291\/revisions\/33748"}],"wp:attachment":[{"href":"https:\/\/www.schoenbrunnorchester.com\/de\/wp-json\/wp\/v2\/media?parent=2291"}],"curies":[{"name":"wp","href":"https:\/\/api.w.org\/{rel}","templated":true}]}}