{"id":2729,"date":"2023-11-08T07:22:05","date_gmt":"2023-11-08T07:22:05","guid":{"rendered":"http:\/\/redesign.schoenbrunnorchester.com\/?page_id=2729"},"modified":"2024-04-25T12:45:01","modified_gmt":"2024-04-25T12:45:01","slug":"peter-hosek","status":"publish","type":"page","link":"https:\/\/www.schoenbrunnorchester.com\/de\/peter-hosek\/","title":{"rendered":"Peter Hosek"},"content":{"rendered":"<div data-elementor-type=\"wp-page\" data-elementor-id=\"2729\" class=\"elementor elementor-2729\" data-elementor-post-type=\"page\">\n\t\t\t\t<div class=\"elementor-element elementor-element-5eaa557 e-grid e-con-boxed e-con e-child\" data-id=\"5eaa557\" data-element_type=\"container\" data-e-type=\"container\" data-settings=\"{&quot;background_background&quot;:&quot;classic&quot;}\">\n\t\t\t\t\t<div class=\"e-con-inner\">\n\t\t<div class=\"elementor-element elementor-element-12ef774 e-flex e-con-boxed e-con e-child\" data-id=\"12ef774\" data-element_type=\"container\" data-e-type=\"container\">\n\t\t\t\t\t<div class=\"e-con-inner\">\n\t\t\t\t<div class=\"elementor-element elementor-element-ec13834 elementor-widget elementor-widget-heading\" data-id=\"ec13834\" data-element_type=\"widget\" data-e-type=\"widget\" data-widget_type=\"heading.default\">\n\t\t\t\t<div class=\"elementor-widget-container\">\n\t\t\t\t\t<h2 class=\"elementor-heading-title elementor-size-default\">Peter Hosek, MA<\/h2>\t\t\t\t<\/div>\n\t\t\t\t<\/div>\n\t\t\t\t<div class=\"elementor-element elementor-element-f72c22a elementor-widget__width-initial elementor-widget-divider--view-line elementor-widget elementor-widget-divider\" data-id=\"f72c22a\" data-element_type=\"widget\" data-e-type=\"widget\" data-widget_type=\"divider.default\">\n\t\t\t\t<div class=\"elementor-widget-container\">\n\t\t\t\t\t\t\t<div class=\"elementor-divider\">\n\t\t\t<span class=\"elementor-divider-separator\">\n\t\t\t\t\t\t<\/span>\n\t\t<\/div>\n\t\t\t\t\t\t<\/div>\n\t\t\t\t<\/div>\n\t\t\t\t<div class=\"elementor-element elementor-element-10453fa elementor-widget elementor-widget-heading\" data-id=\"10453fa\" data-element_type=\"widget\" data-e-type=\"widget\" data-widget_type=\"heading.default\">\n\t\t\t\t<div class=\"elementor-widget-container\">\n\t\t\t\t\t<h1 class=\"elementor-heading-title elementor-size-default\">Gesch\u00e4ftsleitung<\/h1>\t\t\t\t<\/div>\n\t\t\t\t<\/div>\n\t\t\t\t\t<\/div>\n\t\t\t\t<\/div>\n\t\t<div class=\"elementor-element elementor-element-e3e025b e-flex e-con-boxed e-con e-child\" data-id=\"e3e025b\" data-element_type=\"container\" data-e-type=\"container\">\n\t\t\t\t\t<div class=\"e-con-inner\">\n\t\t\t\t<div class=\"elementor-element elementor-element-ba30cc8 elementor-hidden-mobile elementor-widget elementor-widget-theme-post-featured-image elementor-widget-image\" data-id=\"ba30cc8\" data-element_type=\"widget\" data-e-type=\"widget\" data-widget_type=\"theme-post-featured-image.default\">\n\t\t\t\t<div class=\"elementor-widget-container\">\n\t\t\t\t\t\t\t\t\t\t\t\t\t\t\t<img fetchpriority=\"high\" decoding=\"async\" width=\"800\" height=\"534\" src=\"https:\/\/www.schoenbrunnorchester.com\/wp-content\/uploads\/2024\/02\/Peter-Hosek-\u00a9Live_Nation_Schoenbrunn_Place_Orchestra_Erlend_Staub-1024x683.jpg\" class=\"attachment-large size-large wp-image-25484\" alt=\"Peter Hosek _ Managing Director\" srcset=\"https:\/\/www.schoenbrunnorchester.com\/wp-content\/uploads\/2024\/02\/Peter-Hosek-\u00a9Live_Nation_Schoenbrunn_Place_Orchestra_Erlend_Staub-1024x683.jpg 1024w, https:\/\/www.schoenbrunnorchester.com\/wp-content\/uploads\/2024\/02\/Peter-Hosek-\u00a9Live_Nation_Schoenbrunn_Place_Orchestra_Erlend_Staub-300x200.jpg 300w, https:\/\/www.schoenbrunnorchester.com\/wp-content\/uploads\/2024\/02\/Peter-Hosek-\u00a9Live_Nation_Schoenbrunn_Place_Orchestra_Erlend_Staub-768x512.jpg 768w, https:\/\/www.schoenbrunnorchester.com\/wp-content\/uploads\/2024\/02\/Peter-Hosek-\u00a9Live_Nation_Schoenbrunn_Place_Orchestra_Erlend_Staub-1536x1024.jpg 1536w, https:\/\/www.schoenbrunnorchester.com\/wp-content\/uploads\/2024\/02\/Peter-Hosek-\u00a9Live_Nation_Schoenbrunn_Place_Orchestra_Erlend_Staub-2048x1365.jpg 2048w, https:\/\/www.schoenbrunnorchester.com\/wp-content\/uploads\/2024\/02\/Peter-Hosek-\u00a9Live_Nation_Schoenbrunn_Place_Orchestra_Erlend_Staub-18x12.jpg 18w\" sizes=\"(max-width: 800px) 100vw, 800px\" \/>\t\t\t\t\t\t\t\t\t\t\t\t\t\t\t<\/div>\n\t\t\t\t<\/div>\n\t\t\t\t\t<\/div>\n\t\t\t\t<\/div>\n\t\t\t\t\t<\/div>\n\t\t\t\t<\/div>\n\t\t<div data-dce-background-color=\"#DEC19E\" data-dce-background-overlay-color=\"#FFFFFF00\" class=\"elementor-element elementor-element-aa038a9 e-flex e-con-boxed e-con e-child\" data-id=\"aa038a9\" data-element_type=\"container\" data-e-type=\"container\" data-settings=\"{&quot;background_background&quot;:&quot;classic&quot;}\">\n\t\t\t\t\t<div class=\"e-con-inner\">\n\t\t\t\t<div data-dce-background-color=\"#DEC19E4D\" class=\"elementor-element elementor-element-adf51f7 elementor-widget__width-inherit elementor-pagination-type-progressbar elementor-testimonial--skin-default elementor-testimonial--layout-image_inline elementor-testimonial--align-center elementor-arrows-yes elementor-widget elementor-widget-testimonial-carousel\" data-id=\"adf51f7\" data-element_type=\"widget\" data-e-type=\"widget\" data-settings=\"{&quot;slides_per_view&quot;:&quot;1&quot;,&quot;slides_to_scroll&quot;:&quot;1&quot;,&quot;lazyload&quot;:&quot;yes&quot;,&quot;space_between&quot;:{&quot;unit&quot;:&quot;px&quot;,&quot;size&quot;:30,&quot;sizes&quot;:[]},&quot;space_between_mobile&quot;:{&quot;unit&quot;:&quot;px&quot;,&quot;size&quot;:0,&quot;sizes&quot;:[]},&quot;pagination&quot;:&quot;progressbar&quot;,&quot;autoplay_speed&quot;:5015,&quot;show_arrows&quot;:&quot;yes&quot;,&quot;speed&quot;:500,&quot;autoplay&quot;:&quot;yes&quot;,&quot;loop&quot;:&quot;yes&quot;,&quot;pause_on_interaction&quot;:&quot;yes&quot;,&quot;space_between_tablet&quot;:{&quot;unit&quot;:&quot;px&quot;,&quot;size&quot;:10,&quot;sizes&quot;:[]}}\" data-widget_type=\"testimonial-carousel.default\">\n\t\t\t\t<div class=\"elementor-widget-container\">\n\t\t\t\t\t\t\t\t\t<div class=\"elementor-swiper\">\n\t\t\t\t\t<div class=\"elementor-main-swiper swiper\" role=\"region\" aria-roledescription=\"carousel\" aria-label=\"Slides\">\n\t\t\t\t<div class=\"swiper-wrapper\">\n\t\t\t\t\t\t\t\t\t\t\t<div class=\"swiper-slide\" role=\"group\" aria-roledescription=\"slide\">\n\t\t\t\t\t\t\t\t\t<div class=\"elementor-testimonial\">\n\t\t\t\t\t\t\t<div class=\"elementor-testimonial__content\">\n\t\t\t\t\t<div class=\"elementor-testimonial__text\">\n\t\t\t\t\t\t\nVeranstalter von rund 8.000 Konzerten in Wien mit fast 2 Mio. G\u00e4sten.<br>\n\nOrganisator von etwa 1.200 Events in der Orangerie Sch\u00f6nbrunn in den Jahren 1997 \u2013 2014.\t\t\t\t\t<\/div>\n\t\t\t\t\t\t\t\t\t<\/div>\n\t\t\t\t\t\t<div class=\"elementor-testimonial__footer\">\n\t\t\t\t\t\t\t\t\t\t\t<\/div>\n\t\t<\/div>\n\t\t\t\t\t\t\t\t<\/div>\n\t\t\t\t\t\t\t\t\t\t\t<div class=\"swiper-slide\" role=\"group\" aria-roledescription=\"slide\">\n\t\t\t\t\t\t\t\t\t<div class=\"elementor-testimonial\">\n\t\t\t\t\t\t\t<div class=\"elementor-testimonial__content\">\n\t\t\t\t\t<div class=\"elementor-testimonial__text\">\n\t\t\t\t\t\t\nCo - Gastgeber des ersten Besuchs von Bill Clinton anl\u00e4sslich eines Kongresses in der Orangerie Sch\u00f6nbrunn in Kooperation mit dem Wirtschaftsblatt in 2001.\t\t\t\t\t<\/div>\n\t\t\t\t\t\t\t\t\t<\/div>\n\t\t\t\t\t\t<div class=\"elementor-testimonial__footer\">\n\t\t\t\t\t\t\t\t\t\t\t<\/div>\n\t\t<\/div>\n\t\t\t\t\t\t\t\t<\/div>\n\t\t\t\t\t\t\t\t\t\t\t<div class=\"swiper-slide\" role=\"group\" aria-roledescription=\"slide\">\n\t\t\t\t\t\t\t\t\t<div class=\"elementor-testimonial\">\n\t\t\t\t\t\t\t<div class=\"elementor-testimonial__content\">\n\t\t\t\t\t<div class=\"elementor-testimonial__text\">\n\t\t\t\t\t\t\nHost and caterer of the 90th birthday of Otto von Habsburg in the Orangerie Schoenbrunn in 2002.\t\t\t\t\t<\/div>\n\t\t\t\t\t\t\t\t\t<\/div>\n\t\t\t\t\t\t<div class=\"elementor-testimonial__footer\">\n\t\t\t\t\t\t\t\t\t\t\t<\/div>\n\t\t<\/div>\n\t\t\t\t\t\t\t\t<\/div>\n\t\t\t\t\t\t\t\t\t\t\t<div class=\"swiper-slide\" role=\"group\" aria-roledescription=\"slide\">\n\t\t\t\t\t\t\t\t\t<div class=\"elementor-testimonial\">\n\t\t\t\t\t\t\t<div class=\"elementor-testimonial__content\">\n\t\t\t\t\t<div class=\"elementor-testimonial__text\">\n\t\t\t\t\t\t\n2003 \u2013 2004 Co-producer (partner of IMG London) of the Spanish Riding School in front of the Schoenbrunn Palace and the Vienna Boys Choir. <br>\nAround 55,000 total tickets sold in 16 shows.\t\t\t\t\t<\/div>\n\t\t\t\t\t\t\t\t\t<\/div>\n\t\t\t\t\t\t<div class=\"elementor-testimonial__footer\">\n\t\t\t\t\t\t\t\t\t\t\t<\/div>\n\t\t<\/div>\n\t\t\t\t\t\t\t\t<\/div>\n\t\t\t\t\t\t\t\t\t\t\t<div class=\"swiper-slide\" role=\"group\" aria-roledescription=\"slide\">\n\t\t\t\t\t\t\t\t\t<div class=\"elementor-testimonial\">\n\t\t\t\t\t\t\t<div class=\"elementor-testimonial__content\">\n\t\t\t\t\t<div class=\"elementor-testimonial__text\">\n\t\t\t\t\t\t\n\nPartner der \u00d6sterreich Werbung im Mozart Jahr 2006 in Japan.\t\t\t\t\t<\/div>\n\t\t\t\t\t\t\t\t\t<\/div>\n\t\t\t\t\t\t<div class=\"elementor-testimonial__footer\">\n\t\t\t\t\t\t\t\t\t\t\t<\/div>\n\t\t<\/div>\n\t\t\t\t\t\t\t\t<\/div>\n\t\t\t\t\t\t\t\t\t\t\t<div class=\"swiper-slide\" role=\"group\" aria-roledescription=\"slide\">\n\t\t\t\t\t\t\t\t\t<div class=\"elementor-testimonial\">\n\t\t\t\t\t\t\t<div class=\"elementor-testimonial__content\">\n\t\t\t\t\t<div class=\"elementor-testimonial__text\">\n\t\t\t\t\t\t\nGewinner des Exportpreises der WK\u00d6 2007 und des Innovationspreises des BMWF 2014 mit der Firma Image und Gewinner des Exportpreises der WK\u00d6 in Silber 2018 mit der Firma WKE.\t\t\t\t\t<\/div>\n\t\t\t\t\t\t\t\t\t<\/div>\n\t\t\t\t\t\t<div class=\"elementor-testimonial__footer\">\n\t\t\t\t\t\t\t\t\t\t\t<\/div>\n\t\t<\/div>\n\t\t\t\t\t\t\t\t<\/div>\n\t\t\t\t\t\t\t\t\t\t\t<div class=\"swiper-slide\" role=\"group\" aria-roledescription=\"slide\">\n\t\t\t\t\t\t\t\t\t<div class=\"elementor-testimonial\">\n\t\t\t\t\t\t\t<div class=\"elementor-testimonial__content\">\n\t\t\t\t\t<div class=\"elementor-testimonial__text\">\n\t\t\t\t\t\t\nSeit M\u00e4rz 2010 gew\u00e4hltes Ausschussmitglied der Fachgruppe Freizeitbetriebe der Wirtschaftskammer Wien f\u00fcr den Wirtschaftsbund Wien.\t\t\t\t\t<\/div>\n\t\t\t\t\t\t\t\t\t<\/div>\n\t\t\t\t\t\t<div class=\"elementor-testimonial__footer\">\n\t\t\t\t\t\t\t\t\t\t\t<\/div>\n\t\t<\/div>\n\t\t\t\t\t\t\t\t<\/div>\n\t\t\t\t\t\t\t\t\t\t\t<div class=\"swiper-slide\" role=\"group\" aria-roledescription=\"slide\">\n\t\t\t\t\t\t\t\t\t<div class=\"elementor-testimonial\">\n\t\t\t\t\t\t\t<div class=\"elementor-testimonial__content\">\n\t\t\t\t\t<div class=\"elementor-testimonial__text\">\n\t\t\t\t\t\t\nAbwicklung des Gala Dinners anl\u00e4sslich des Besuchs des amerikanischen Pr\u00e4sidenten Barack Obama und der deutschen Bundeskanzlerin Angela Merkel in der Orangerie Charlottenburg in Berlin im Sommer 2013.\t\t\t\t\t<\/div>\n\t\t\t\t\t\t\t\t\t<\/div>\n\t\t\t\t\t\t<div class=\"elementor-testimonial__footer\">\n\t\t\t\t\t\t\t\t\t\t\t<\/div>\n\t\t<\/div>\n\t\t\t\t\t\t\t\t<\/div>\n\t\t\t\t\t\t\t\t\t\t\t<div class=\"swiper-slide\" role=\"group\" aria-roledescription=\"slide\">\n\t\t\t\t\t\t\t\t\t<div class=\"elementor-testimonial\">\n\t\t\t\t\t\t\t<div class=\"elementor-testimonial__content\">\n\t\t\t\t\t<div class=\"elementor-testimonial__text\">\n\t\t\t\t\t\t\n\n2015 \u2013 2016 Bundesbranchensprecher der Eventagenturen der WKO.\t\t\t\t\t<\/div>\n\t\t\t\t\t\t\t\t\t<\/div>\n\t\t\t\t\t\t<div class=\"elementor-testimonial__footer\">\n\t\t\t\t\t\t\t\t\t\t\t<\/div>\n\t\t<\/div>\n\t\t\t\t\t\t\t\t<\/div>\n\t\t\t\t\t\t\t\t\t\t\t<div class=\"swiper-slide\" role=\"group\" aria-roledescription=\"slide\">\n\t\t\t\t\t\t\t\t\t<div class=\"elementor-testimonial\">\n\t\t\t\t\t\t\t<div class=\"elementor-testimonial__content\">\n\t\t\t\t\t<div class=\"elementor-testimonial__text\">\n\t\t\t\t\t\t\nOrganisation des Red Carpets bei der Weltpremiere des Hollywood Films \u201eMission Impossible \u2013 Rogue Nation\u201c in der Wiener Staatsoper in Juli 2015.\t\t\t\t\t<\/div>\n\t\t\t\t\t\t\t\t\t<\/div>\n\t\t\t\t\t\t<div class=\"elementor-testimonial__footer\">\n\t\t\t\t\t\t\t\t\t\t\t<\/div>\n\t\t<\/div>\n\t\t\t\t\t\t\t\t<\/div>\n\t\t\t\t\t\t\t\t\t<\/div>\n\t\t\t\t\t\t\t\t\t\t\t\t\t\t\t<div class=\"elementor-swiper-button elementor-swiper-button-prev\" role=\"button\" tabindex=\"0\" aria-label=\"Previous\">\n\t\t\t\t\t\t\t<svg aria-hidden=\"true\" class=\"e-font-icon-svg e-eicon-chevron-left\" viewbox=\"0 0 1000 1000\" xmlns=\"http:\/\/www.w3.org\/2000\/svg\"><path d=\"M646 125C629 125 613 133 604 142L308 442C296 454 292 471 292 487 292 504 296 521 308 533L604 854C617 867 629 875 646 875 663 875 679 871 692 858 704 846 713 829 713 812 713 796 708 779 692 767L438 487 692 225C700 217 708 204 708 187 708 171 704 154 692 142 675 129 663 125 646 125Z\"><\/path><\/svg>\t\t\t\t\t\t<\/div>\n\t\t\t\t\t\t<div class=\"elementor-swiper-button elementor-swiper-button-next\" role=\"button\" tabindex=\"0\" aria-label=\"Next\">\n\t\t\t\t\t\t\t<svg aria-hidden=\"true\" class=\"e-font-icon-svg e-eicon-chevron-right\" viewbox=\"0 0 1000 1000\" xmlns=\"http:\/\/www.w3.org\/2000\/svg\"><path d=\"M696 533C708 521 713 504 713 487 713 471 708 454 696 446L400 146C388 133 375 125 354 125 338 125 325 129 313 142 300 154 292 171 292 187 292 204 296 221 308 233L563 492 304 771C292 783 288 800 288 817 288 833 296 850 308 863 321 871 338 875 354 875 371 875 388 867 400 854L696 533Z\"><\/path><\/svg>\t\t\t\t\t\t<\/div>\n\t\t\t\t\t\t\t\t\t\t\t\t\t\t\t\t<div class=\"swiper-pagination\"><\/div>\n\t\t\t\t\t\t\t\t\t\t\t\t<\/div>\n\t\t\t\t<\/div>\n\t\t\t\t\t\t\t\t<\/div>\n\t\t\t\t<\/div>\n\t\t\t\t<div class=\"elementor-element elementor-element-4439f29 elementor-hidden-desktop elementor-hidden-tablet elementor-widget elementor-widget-theme-post-featured-image elementor-widget-image\" data-id=\"4439f29\" data-element_type=\"widget\" data-e-type=\"widget\" data-widget_type=\"theme-post-featured-image.default\">\n\t\t\t\t<div class=\"elementor-widget-container\">\n\t\t\t\t\t\t\t\t\t\t\t\t\t\t\t<img fetchpriority=\"high\" decoding=\"async\" width=\"800\" height=\"534\" src=\"https:\/\/www.schoenbrunnorchester.com\/wp-content\/uploads\/2024\/02\/Peter-Hosek-\u00a9Live_Nation_Schoenbrunn_Place_Orchestra_Erlend_Staub-1024x683.jpg\" class=\"attachment-large size-large wp-image-25484\" alt=\"Peter Hosek _ Managing Director\" srcset=\"https:\/\/www.schoenbrunnorchester.com\/wp-content\/uploads\/2024\/02\/Peter-Hosek-\u00a9Live_Nation_Schoenbrunn_Place_Orchestra_Erlend_Staub-1024x683.jpg 1024w, https:\/\/www.schoenbrunnorchester.com\/wp-content\/uploads\/2024\/02\/Peter-Hosek-\u00a9Live_Nation_Schoenbrunn_Place_Orchestra_Erlend_Staub-300x200.jpg 300w, https:\/\/www.schoenbrunnorchester.com\/wp-content\/uploads\/2024\/02\/Peter-Hosek-\u00a9Live_Nation_Schoenbrunn_Place_Orchestra_Erlend_Staub-768x512.jpg 768w, https:\/\/www.schoenbrunnorchester.com\/wp-content\/uploads\/2024\/02\/Peter-Hosek-\u00a9Live_Nation_Schoenbrunn_Place_Orchestra_Erlend_Staub-1536x1024.jpg 1536w, https:\/\/www.schoenbrunnorchester.com\/wp-content\/uploads\/2024\/02\/Peter-Hosek-\u00a9Live_Nation_Schoenbrunn_Place_Orchestra_Erlend_Staub-2048x1365.jpg 2048w, https:\/\/www.schoenbrunnorchester.com\/wp-content\/uploads\/2024\/02\/Peter-Hosek-\u00a9Live_Nation_Schoenbrunn_Place_Orchestra_Erlend_Staub-18x12.jpg 18w\" sizes=\"(max-width: 800px) 100vw, 800px\" \/>\t\t\t\t\t\t\t\t\t\t\t\t\t\t\t<\/div>\n\t\t\t\t<\/div>\n\t\t\t\t\t<\/div>\n\t\t\t\t<\/div>\n\t\t<div class=\"elementor-element elementor-element-4cce49d e-flex e-con-boxed e-con e-parent\" data-id=\"4cce49d\" data-element_type=\"container\" data-e-type=\"container\" data-settings=\"{&quot;background_background&quot;:&quot;classic&quot;}\">\n\t\t\t\t\t<div class=\"e-con-inner\">\n\t\t\t\t<div class=\"elementor-element elementor-element-66711f0 elementor-widget elementor-widget-heading\" data-id=\"66711f0\" data-element_type=\"widget\" data-e-type=\"widget\" data-widget_type=\"heading.default\">\n\t\t\t\t<div class=\"elementor-widget-container\">\n\t\t\t\t\t<h3 class=\"elementor-heading-title elementor-size-default\">Lebenslauf<\/h3>\t\t\t\t<\/div>\n\t\t\t\t<\/div>\n\t\t\t\t<div class=\"elementor-element elementor-element-0f83e05 elementor-widget__width-initial elementor-widget-divider--view-line elementor-widget elementor-widget-divider\" data-id=\"0f83e05\" data-element_type=\"widget\" data-e-type=\"widget\" data-widget_type=\"divider.default\">\n\t\t\t\t<div class=\"elementor-widget-container\">\n\t\t\t\t\t\t\t<div class=\"elementor-divider\">\n\t\t\t<span class=\"elementor-divider-separator\">\n\t\t\t\t\t\t<\/span>\n\t\t<\/div>\n\t\t\t\t\t\t<\/div>\n\t\t\t\t<\/div>\n\t\t\t\t<div class=\"elementor-element elementor-element-62b0742 elementor-widget elementor-widget-text-editor\" data-id=\"62b0742\" data-element_type=\"widget\" data-e-type=\"widget\" data-widget_type=\"text-editor.default\">\n\t\t\t\t<div class=\"elementor-widget-container\">\n\t\t\t\t\t\t\t\t\t<table><tbody><tr><td width=\"130\"><p>1985 \u2013 1993<\/p><\/td><td width=\"484\"><p>Studium des Konzertfachs Klarinette an der Hochschule f\u00fcr Musik und Darstellende Kunst Wien<\/p><\/td><\/tr><tr><td width=\"130\"><p>1989<\/p><\/td><td width=\"484\"><p>Matura an der BORG Wien 7 \u201eMusikgymnasium\u201c<\/p><\/td><\/tr><tr><td width=\"130\"><p>1990 \u2013 1991<\/p><\/td><td width=\"484\"><p>Engagement im Orchester des Stadttheater Baden<\/p><\/td><\/tr><tr><td width=\"130\"><p>1992 \u2013 1993<\/p><\/td><td width=\"484\"><p>Mitglied und kaufm\u00e4nnische Leitung des Ensemble 20. Jahrhundert unter Peter Burwik, diverse Konzerte beim Festival Wien Modern<\/p><p>Zust\u00e4ndig ua. f\u00fcr Subventionsantr\u00e4ge<\/p><\/td><\/tr><tr><td width=\"130\"><p>1993<\/p><\/td><td width=\"484\"><p>Diplom an der Hochschule f\u00fcr Musik und Darstellende Kunst Wien<\/p><\/td><\/tr><tr><td width=\"130\"><p>1994 &#8211; 2012<\/p><\/td><td width=\"484\"><p>Gr\u00fcndung der Firma \u201eKonzertagentur Image Hosek &amp; Petrovic OEG\u201c in Partnerschaft mit Sascha Petrovic<\/p><p>Konzertserie im Wiener Kursalon \u201eJohann Strauss Konzerte\u201c bis 1999<\/p><\/td><\/tr><tr><td width=\"130\"><p>1997 &#8211; 2014<\/p><\/td><td width=\"484\"><p>Gr\u00fcndung der Firma \u201eImage Performing Arts Promotion GmbH\u201c in Partnerschaft mit Sascha Petrovic<\/p><p>Gewinner der Ausschreibung zur Pacht und zum Betrieb der Orangerie im Schloss Sch\u00f6nbrunn<\/p><p>Aufbau der Marke \u201eOrangerie Sch\u00f6nbrunn\u201c und der Konzertserie \u201eSchloss Sch\u00f6nbrunn Konzerte\u201c \u2013 seit 8.5.1997 t\u00e4glich !<\/p><\/td><\/tr><tr><td width=\"130\"><p>1998 &#8211; 2014<\/p><\/td><td width=\"484\"><p>Gr\u00fcndung der Firma \u201eLa Vera\u201c Image Partyservice &amp; Catering GmbH in Partnerschaft mit Sascha Petrovic und Vera Pekarek<\/p><\/td><\/tr><tr><td width=\"130\"><p>2002 &#8211; 2008<\/p><\/td><td width=\"484\"><p>P\u00e4chter und Betreiber des Seminarhotels \u201eGrafengut\u201c in Nussdorf am Attersee<\/p><\/td><\/tr><tr><td width=\"130\"><p>2006-2015<\/p><\/td><td width=\"484\"><p>Gr\u00fcndung der Firma \u201eImage Berlin Konzertveranstaltungsgmbh\u201c in Partnerschaft mit Sascha Petrovic<\/p><p>Betreiber der Orangerie im Schloss Charlottenburg in Berlin<\/p><\/td><\/tr><tr><td width=\"130\"><p>since 2012<\/p><\/td><td width=\"484\"><p>Gr\u00fcndung der \"Kammeroper Sch\u00f6nbrunn\" in Kooperation mit der Universit\u00e4t f\u00fcr Musik und darstellende Kunst Wien<\/p><\/td><\/tr><tr><td width=\"130\"><p>since 2013<\/p><\/td><td width=\"484\"><p>Gr\u00fcndung der Firma \"theblueapp Software GmbH\"<\/p><p>Entwicklungen von APPs f\u00fcr iOs, Android, PC\/Mac<\/p><\/td><\/tr><tr><td width=\"130\"><p>since 2015<\/p><\/td><td width=\"484\"><p>Gr\u00fcndung der Firma \u201ePH International Music and Great Entertainment GmbH\u201c<\/p><p>Gr\u00fcndung der Firma \u201eAEP Arts &amp; Entertainment GmbH\u201c<\/p><\/td><\/tr><tr><td width=\"130\"><p>August 2015<\/p><\/td><td width=\"484\"><p>Neuerlicher Gewinn der Ausschreibung der Orangerie Sch\u00f6nbrunn zusammen mit der Firma Blaguss Reisen GmbH<\/p><\/td><\/tr><tr><td width=\"130\"><p>since 2016<\/p><\/td><td width=\"484\"><p>Gr\u00fcndung der Firma \u201eWKE Konzert- &amp; EventveranstaltungsgmbH\u201c in Partnerschaft mit Paul Blaguss<\/p><p>Operator of the Orangerie and organizer of the <a href=\"https:\/\/www.palaceconcertsvienna.com\/\" target=\"_blank\" rel=\"noopener\">Schoenbrunn Palace Concerts<\/a><\/p><\/td><\/tr><tr><td width=\"130\"><p>October 2018<\/p><\/td><td width=\"484\"><p>Abschluss des Master Lehrgangs \u201eF\u00fchrung, Politik und Management\u201c an der FH Campus Wien und Verleihung des akademischen Grades Master of Arts in Political Management<\/p><\/td><\/tr><\/tbody><\/table><p style=\"font-weight: 400;\">Operativer Gesch\u00e4ftsf\u00fchrer und Gesellschafter in allen aufgelisteten Gesellschaften.<\/p>\t\t\t\t\t\t\t\t<\/div>\n\t\t\t\t<\/div>\n\t\t\t\t\t<\/div>\n\t\t\t\t<\/div>\n\t\t\t\t<\/div>","protected":false},"excerpt":{"rendered":"<p>Peter Hosek &#8211; Managing Director<\/p>","protected":false},"author":4,"featured_media":25484,"parent":0,"menu_order":0,"comment_status":"closed","ping_status":"closed","template":"","meta":{"_acf_changed":false,"footnotes":""},"class_list":["post-2729","page","type-page","status-publish","has-post-thumbnail","hentry"],"acf":[],"_links":{"self":[{"href":"https:\/\/www.schoenbrunnorchester.com\/de\/wp-json\/wp\/v2\/pages\/2729","targetHints":{"allow":["GET"]}}],"collection":[{"href":"https:\/\/www.schoenbrunnorchester.com\/de\/wp-json\/wp\/v2\/pages"}],"about":[{"href":"https:\/\/www.schoenbrunnorchester.com\/de\/wp-json\/wp\/v2\/types\/page"}],"author":[{"embeddable":true,"href":"https:\/\/www.schoenbrunnorchester.com\/de\/wp-json\/wp\/v2\/users\/4"}],"replies":[{"embeddable":true,"href":"https:\/\/www.schoenbrunnorchester.com\/de\/wp-json\/wp\/v2\/comments?post=2729"}],"version-history":[{"count":10,"href":"https:\/\/www.schoenbrunnorchester.com\/de\/wp-json\/wp\/v2\/pages\/2729\/revisions"}],"predecessor-version":[{"id":31347,"href":"https:\/\/www.schoenbrunnorchester.com\/de\/wp-json\/wp\/v2\/pages\/2729\/revisions\/31347"}],"wp:featuredmedia":[{"embeddable":true,"href":"https:\/\/www.schoenbrunnorchester.com\/de\/wp-json\/wp\/v2\/media\/25484"}],"wp:attachment":[{"href":"https:\/\/www.schoenbrunnorchester.com\/de\/wp-json\/wp\/v2\/media?parent=2729"}],"curies":[{"name":"wp","href":"https:\/\/api.w.org\/{rel}","templated":true}]}}