{"id":29279,"date":"2024-03-15T06:57:49","date_gmt":"2024-03-15T06:57:49","guid":{"rendered":"https:\/\/www.schoenbrunnorchester.com\/?page_id=29279"},"modified":"2026-04-12T18:34:59","modified_gmt":"2026-04-12T18:34:59","slug":"about","status":"publish","type":"page","link":"https:\/\/www.schoenbrunnorchester.com\/de\/about\/","title":{"rendered":"\u00dcber Uns"},"content":{"rendered":"<div data-elementor-type=\"wp-page\" data-elementor-id=\"29279\" class=\"elementor elementor-29279\" data-elementor-post-type=\"page\">\n\t\t\t\t<div class=\"elementor-element elementor-element-c23f584 e-flex e-con-boxed e-con e-child\" data-id=\"c23f584\" data-element_type=\"container\" data-e-type=\"container\" data-settings=\"{&quot;background_background&quot;:&quot;classic&quot;}\">\n\t\t\t\t\t<div class=\"e-con-inner\">\n\t\t<div data-dce-background-color=\"#FCFCFC00\" class=\"elementor-element elementor-element-4b18184 e-con-full e-flex e-con e-child\" data-id=\"4b18184\" data-element_type=\"container\" data-e-type=\"container\" data-settings=\"{&quot;background_background&quot;:&quot;classic&quot;}\">\n\t\t\t\t<div class=\"elementor-element elementor-element-a2b7617 elementor-widget elementor-widget-heading\" data-id=\"a2b7617\" data-element_type=\"widget\" data-e-type=\"widget\" data-widget_type=\"heading.default\">\n\t\t\t\t<div class=\"elementor-widget-container\">\n\t\t\t\t\t<h4 class=\"elementor-heading-title elementor-size-default\">ERLEBEN SIE KLASSIK AUF H\u00d6CHSTEM NIVEAU<\/h4>\t\t\t\t<\/div>\n\t\t\t\t<\/div>\n\t\t\t\t<div class=\"elementor-element elementor-element-3dfbc49 elementor-widget elementor-widget-heading\" data-id=\"3dfbc49\" data-element_type=\"widget\" data-e-type=\"widget\" data-widget_type=\"heading.default\">\n\t\t\t\t<div class=\"elementor-widget-container\">\n\t\t\t\t\t<h1 class=\"elementor-heading-title elementor-size-default\">Schloss Sch\u00f6nbrunn Orchester<\/h1>\t\t\t\t<\/div>\n\t\t\t\t<\/div>\n\t\t\t\t<div class=\"elementor-element elementor-element-994c57e elementor-widget elementor-widget-text-editor\" data-id=\"994c57e\" data-element_type=\"widget\" data-e-type=\"widget\" data-widget_type=\"text-editor.default\">\n\t\t\t\t<div class=\"elementor-widget-container\">\n\t\t\t\t\t\t\t\t\t<p>Wir sind ein hochprofessionelles, traditionelles und international gefragtes Wiener Kammerorchester, welches seit seiner Gr\u00fcndung im Jahr 1997 viele gro\u00dfe Erfolge feiern konnte.<\/p><p>Wir spezialisieren uns auf das <a href=\"https:\/\/www.schoenbrunnorchester.com\/de\/repertoire\/\">Repertoire<\/a> der Wiener Klassik, insbesondere auf die Werke von Joseph Haydn und Wolfgang Amadeus Mozart, sowie auf die gro\u00dfartige Musik der Strau\u00df-Dynastie und deren Zeitgenossen. Dabei legen wir gro\u00dfen Wert auf den Wiener Klangstil und k\u00f6nnen die oben genannten Komponisten nicht nur subtil individuell, sondern auch traditionell interpretieren. Das \u201eWienerische\u201c liegt uns n\u00e4mlich im Blut.<\/p><p>\u00a0<\/p>\t\t\t\t\t\t\t\t<\/div>\n\t\t\t\t<\/div>\n\t\t\t\t<div class=\"elementor-element elementor-element-6a5fd46 elementor-widget elementor-widget-image\" data-id=\"6a5fd46\" data-element_type=\"widget\" data-e-type=\"widget\" data-widget_type=\"image.default\">\n\t\t\t\t<div class=\"elementor-widget-container\">\n\t\t\t\t\t\t\t\t\t\t\t\t\t\t\t\t<a href=\"https:\/\/www.schoenbrunnorchester.com\/wp-content\/uploads\/2023\/11\/309581981_768518021030705_2885659181924787292_n-2.jpg\" data-elementor-open-lightbox=\"yes\" data-elementor-lightbox-title=\"Festival &quot;Septembre musical\u201c \u00a9Celine Michel\" data-e-action-hash=\"#elementor-action%3Aaction%3Dlightbox%26settings%3DeyJpZCI6MTAxMTAsInVybCI6Imh0dHBzOlwvXC93d3cuc2Nob2VuYnJ1bm5vcmNoZXN0ZXIuY29tXC93cC1jb250ZW50XC91cGxvYWRzXC8yMDIzXC8xMVwvMzA5NTgxOTgxXzc2ODUxODAyMTAzMDcwNV8yODg1NjU5MTgxOTI0Nzg3MjkyX24tMi5qcGcifQ%3D%3D\">\n\t\t\t\t\t\t\t<img fetchpriority=\"high\" decoding=\"async\" width=\"2048\" height=\"1366\" src=\"https:\/\/www.schoenbrunnorchester.com\/wp-content\/uploads\/2023\/11\/309581981_768518021030705_2885659181924787292_n-2.jpg\" class=\"attachment-full size-full wp-image-10110\" alt=\"\" srcset=\"https:\/\/www.schoenbrunnorchester.com\/wp-content\/uploads\/2023\/11\/309581981_768518021030705_2885659181924787292_n-2.jpg 2048w, https:\/\/www.schoenbrunnorchester.com\/wp-content\/uploads\/2023\/11\/309581981_768518021030705_2885659181924787292_n-2-300x200.jpg 300w, https:\/\/www.schoenbrunnorchester.com\/wp-content\/uploads\/2023\/11\/309581981_768518021030705_2885659181924787292_n-2-1024x683.jpg 1024w, https:\/\/www.schoenbrunnorchester.com\/wp-content\/uploads\/2023\/11\/309581981_768518021030705_2885659181924787292_n-2-768x512.jpg 768w, https:\/\/www.schoenbrunnorchester.com\/wp-content\/uploads\/2023\/11\/309581981_768518021030705_2885659181924787292_n-2-1536x1025.jpg 1536w, https:\/\/www.schoenbrunnorchester.com\/wp-content\/uploads\/2023\/11\/309581981_768518021030705_2885659181924787292_n-2-18x12.jpg 18w\" sizes=\"(max-width: 2048px) 100vw, 2048px\" \/>\t\t\t\t\t\t\t\t<\/a>\n\t\t\t\t\t\t\t\t\t\t\t\t\t\t\t<\/div>\n\t\t\t\t<\/div>\n\t\t\t\t<div class=\"elementor-element elementor-element-daf3926 elementor-widget elementor-widget-text-editor\" data-id=\"daf3926\" data-element_type=\"widget\" data-e-type=\"widget\" data-widget_type=\"text-editor.default\">\n\t\t\t\t<div class=\"elementor-widget-container\">\n\t\t\t\t\t\t\t\t\t<p>Die Orchestermitglieder sind allesamt in Wien aufgewachsen bzw. haben in dieser wunderbaren Musikmetropole studiert. Sie konnten die Leidenschaft f\u00fcr das Musizieren und das international so gefragte \u201eWienerische\u201c schon in der Ausbildung aufsaugen. Die langj\u00e4hrigen Ensemblemitglieder sind erfahrene, engagierte und k\u00fcnstlerisch hochqualifizierte Musiker, welche bereits in den verschiedensten Orchestern und Musikh\u00e4usern \u00d6sterreichs mitgewirkt haben.<\/p><p>Das Schloss Sch\u00f6nbrunn Orchester verf\u00fcgt au\u00dferdem \u00fcber eine reichhaltige Erfahrung in der Zusammenarbeit mit S\u00e4ngern und Ballett. Als auch Begleitorchester zeichnen wir uns nicht nur durch ein hohes musikalisches Niveau und klangliche Homogenit\u00e4t aus, sondern legen auch gro\u00dfen Wert auf eine charmante Pr\u00e4sentation und ein \u00fcberaus elit\u00e4res Erscheinungsbild. Von symphonischen Konzerten, \u00fcber traditionelle Neujahrkonzerte, Opern- und Operettengalas mit Gesangssolisten und Ballett, bis hin zur Tanzmusik der wunderbaren Wiener B\u00e4lle \u2013 unser Repertoire ist gro\u00df und die Orchestergr\u00f6\u00dfe variabel, passend f\u00fcr jeden Anlass.<\/p>\t\t\t\t\t\t\t\t<\/div>\n\t\t\t\t<\/div>\n\t\t<div class=\"elementor-element elementor-element-b2b7f3f e-con-full e-flex e-con e-child\" data-id=\"b2b7f3f\" data-element_type=\"container\" data-e-type=\"container\">\n\t\t<div class=\"elementor-element elementor-element-fb38e0a e-con-full e-flex e-con e-child\" data-id=\"fb38e0a\" data-element_type=\"container\" data-e-type=\"container\">\n\t\t\t\t<div class=\"elementor-element elementor-element-98567db elementor-widget elementor-widget-image\" data-id=\"98567db\" data-element_type=\"widget\" data-e-type=\"widget\" data-widget_type=\"image.default\">\n\t\t\t\t<div class=\"elementor-widget-container\">\n\t\t\t\t\t\t\t\t\t\t\t\t\t\t\t\t<a href=\"https:\/\/www.schoenbrunnorchester.com\/wp-content\/uploads\/2024\/03\/240117_Live_Nation_Schoenbrunn_Place_Orchestra_Erlend_Staub_634-scaled.jpg\" data-elementor-open-lightbox=\"yes\" data-elementor-lightbox-title=\"Chief Conductor Guido Mancusi \u00a9Erlend_\u0160taub\" data-e-action-hash=\"#elementor-action%3Aaction%3Dlightbox%26settings%3DeyJpZCI6MjY4MjEsInVybCI6Imh0dHBzOlwvXC93d3cuc2Nob2VuYnJ1bm5vcmNoZXN0ZXIuY29tXC93cC1jb250ZW50XC91cGxvYWRzXC8yMDI0XC8wM1wvMjQwMTE3X0xpdmVfTmF0aW9uX1NjaG9lbmJydW5uX1BsYWNlX09yY2hlc3RyYV9FcmxlbmRfU3RhdWJfNjM0LXNjYWxlZC5qcGcifQ%3D%3D\">\n\t\t\t\t\t\t\t<img decoding=\"async\" width=\"1708\" height=\"2560\" src=\"https:\/\/www.schoenbrunnorchester.com\/wp-content\/uploads\/2024\/03\/240117_Live_Nation_Schoenbrunn_Place_Orchestra_Erlend_Staub_634-scaled.jpg\" class=\"attachment-full size-full wp-image-26821\" alt=\"\" srcset=\"https:\/\/www.schoenbrunnorchester.com\/wp-content\/uploads\/2024\/03\/240117_Live_Nation_Schoenbrunn_Place_Orchestra_Erlend_Staub_634-scaled.jpg 1708w, https:\/\/www.schoenbrunnorchester.com\/wp-content\/uploads\/2024\/03\/240117_Live_Nation_Schoenbrunn_Place_Orchestra_Erlend_Staub_634-200x300.jpg 200w, https:\/\/www.schoenbrunnorchester.com\/wp-content\/uploads\/2024\/03\/240117_Live_Nation_Schoenbrunn_Place_Orchestra_Erlend_Staub_634-683x1024.jpg 683w, https:\/\/www.schoenbrunnorchester.com\/wp-content\/uploads\/2024\/03\/240117_Live_Nation_Schoenbrunn_Place_Orchestra_Erlend_Staub_634-768x1151.jpg 768w, https:\/\/www.schoenbrunnorchester.com\/wp-content\/uploads\/2024\/03\/240117_Live_Nation_Schoenbrunn_Place_Orchestra_Erlend_Staub_634-1025x1536.jpg 1025w, https:\/\/www.schoenbrunnorchester.com\/wp-content\/uploads\/2024\/03\/240117_Live_Nation_Schoenbrunn_Place_Orchestra_Erlend_Staub_634-1366x2048.jpg 1366w, https:\/\/www.schoenbrunnorchester.com\/wp-content\/uploads\/2024\/03\/240117_Live_Nation_Schoenbrunn_Place_Orchestra_Erlend_Staub_634-8x12.jpg 8w\" sizes=\"(max-width: 1708px) 100vw, 1708px\" \/>\t\t\t\t\t\t\t\t<\/a>\n\t\t\t\t\t\t\t\t\t\t\t\t\t\t\t<\/div>\n\t\t\t\t<\/div>\n\t\t\t\t<\/div>\n\t\t<div class=\"elementor-element elementor-element-c1d2504 e-con-full e-flex e-con e-child\" data-id=\"c1d2504\" data-element_type=\"container\" data-e-type=\"container\">\n\t\t\t\t<div class=\"elementor-element elementor-element-5e34773 elementor-widget elementor-widget-image\" data-id=\"5e34773\" data-element_type=\"widget\" data-e-type=\"widget\" data-widget_type=\"image.default\">\n\t\t\t\t<div class=\"elementor-widget-container\">\n\t\t\t\t\t\t\t\t\t\t\t\t\t\t\t\t<a href=\"https:\/\/www.schoenbrunnorchester.com\/wp-content\/uploads\/2024\/03\/Bildschirmfoto-2024-03-06-um-09.29.36.png\" data-elementor-open-lightbox=\"yes\" data-elementor-lightbox-title=\"Sch\u00f6nbrunn Palace Orchestra \u00a9Lukas Beck\" data-e-action-hash=\"#elementor-action%3Aaction%3Dlightbox%26settings%3DeyJpZCI6Mjg0NTgsInVybCI6Imh0dHBzOlwvXC93d3cuc2Nob2VuYnJ1bm5vcmNoZXN0ZXIuY29tXC93cC1jb250ZW50XC91cGxvYWRzXC8yMDI0XC8wM1wvQmlsZHNjaGlybWZvdG8tMjAyNC0wMy0wNi11bS0wOS4yOS4zNi5wbmcifQ%3D%3D\">\n\t\t\t\t\t\t\t<img decoding=\"async\" width=\"1150\" height=\"1210\" src=\"https:\/\/www.schoenbrunnorchester.com\/wp-content\/uploads\/2024\/03\/Bildschirmfoto-2024-03-06-um-09.29.36.png\" class=\"attachment-full size-full wp-image-28458\" alt=\"\" srcset=\"https:\/\/www.schoenbrunnorchester.com\/wp-content\/uploads\/2024\/03\/Bildschirmfoto-2024-03-06-um-09.29.36.png 1150w, https:\/\/www.schoenbrunnorchester.com\/wp-content\/uploads\/2024\/03\/Bildschirmfoto-2024-03-06-um-09.29.36-285x300.png 285w, https:\/\/www.schoenbrunnorchester.com\/wp-content\/uploads\/2024\/03\/Bildschirmfoto-2024-03-06-um-09.29.36-973x1024.png 973w, https:\/\/www.schoenbrunnorchester.com\/wp-content\/uploads\/2024\/03\/Bildschirmfoto-2024-03-06-um-09.29.36-768x808.png 768w, https:\/\/www.schoenbrunnorchester.com\/wp-content\/uploads\/2024\/03\/Bildschirmfoto-2024-03-06-um-09.29.36-11x12.png 11w\" sizes=\"(max-width: 1150px) 100vw, 1150px\" \/>\t\t\t\t\t\t\t\t<\/a>\n\t\t\t\t\t\t\t\t\t\t\t\t\t\t\t<\/div>\n\t\t\t\t<\/div>\n\t\t\t\t<div class=\"elementor-element elementor-element-45a4ac4 elementor-widget elementor-widget-image\" data-id=\"45a4ac4\" data-element_type=\"widget\" data-e-type=\"widget\" data-widget_type=\"image.default\">\n\t\t\t\t<div class=\"elementor-widget-container\">\n\t\t\t\t\t\t\t\t\t\t\t\t\t\t\t\t<a href=\"https:\/\/www.schoenbrunnorchester.com\/wp-content\/uploads\/2024\/03\/09-29_SchlossSchoenbrunnOrchester-Mancusi_photosCelineMichel_18-scaled.jpg\" data-elementor-open-lightbox=\"yes\" data-elementor-lightbox-title=\"Guido Mancusi @ Festival &quot;Septembre musical\u201c \u00a9Celine Michel\" data-e-action-hash=\"#elementor-action%3Aaction%3Dlightbox%26settings%3DeyJpZCI6Mjg0NzMsInVybCI6Imh0dHBzOlwvXC93d3cuc2Nob2VuYnJ1bm5vcmNoZXN0ZXIuY29tXC93cC1jb250ZW50XC91cGxvYWRzXC8yMDI0XC8wM1wvMDktMjlfU2NobG9zc1NjaG9lbmJydW5uT3JjaGVzdGVyLU1hbmN1c2lfcGhvdG9zQ2VsaW5lTWljaGVsXzE4LXNjYWxlZC5qcGcifQ%3D%3D\">\n\t\t\t\t\t\t\t<img loading=\"lazy\" decoding=\"async\" width=\"2560\" height=\"1707\" src=\"https:\/\/www.schoenbrunnorchester.com\/wp-content\/uploads\/2024\/03\/09-29_SchlossSchoenbrunnOrchester-Mancusi_photosCelineMichel_18-scaled.jpg\" class=\"attachment-full size-full wp-image-28473\" alt=\"Guido Mancusi @ Festival &quot;Septembre musical\u201c \u00a9Celine Michel\" srcset=\"https:\/\/www.schoenbrunnorchester.com\/wp-content\/uploads\/2024\/03\/09-29_SchlossSchoenbrunnOrchester-Mancusi_photosCelineMichel_18-scaled.jpg 2560w, https:\/\/www.schoenbrunnorchester.com\/wp-content\/uploads\/2024\/03\/09-29_SchlossSchoenbrunnOrchester-Mancusi_photosCelineMichel_18-300x200.jpg 300w, https:\/\/www.schoenbrunnorchester.com\/wp-content\/uploads\/2024\/03\/09-29_SchlossSchoenbrunnOrchester-Mancusi_photosCelineMichel_18-1024x683.jpg 1024w, https:\/\/www.schoenbrunnorchester.com\/wp-content\/uploads\/2024\/03\/09-29_SchlossSchoenbrunnOrchester-Mancusi_photosCelineMichel_18-768x512.jpg 768w, https:\/\/www.schoenbrunnorchester.com\/wp-content\/uploads\/2024\/03\/09-29_SchlossSchoenbrunnOrchester-Mancusi_photosCelineMichel_18-1536x1024.jpg 1536w, https:\/\/www.schoenbrunnorchester.com\/wp-content\/uploads\/2024\/03\/09-29_SchlossSchoenbrunnOrchester-Mancusi_photosCelineMichel_18-2048x1366.jpg 2048w, https:\/\/www.schoenbrunnorchester.com\/wp-content\/uploads\/2024\/03\/09-29_SchlossSchoenbrunnOrchester-Mancusi_photosCelineMichel_18-18x12.jpg 18w\" sizes=\"(max-width: 2560px) 100vw, 2560px\" \/>\t\t\t\t\t\t\t\t<\/a>\n\t\t\t\t\t\t\t\t\t\t\t\t\t\t\t<\/div>\n\t\t\t\t<\/div>\n\t\t\t\t<\/div>\n\t\t\t\t<\/div>\n\t\t\t\t<\/div>\n\t\t<div class=\"elementor-element elementor-element-7d6cdb9 e-flex e-con-boxed e-con e-child\" data-id=\"7d6cdb9\" data-element_type=\"container\" data-e-type=\"container\">\n\t\t\t\t\t<div class=\"e-con-inner\">\n\t\t\t\t<div class=\"elementor-element elementor-element-01d4a27 elementor-widget elementor-widget-text-editor\" data-id=\"01d4a27\" data-element_type=\"widget\" data-e-type=\"widget\" data-widget_type=\"text-editor.default\">\n\t\t\t\t<div class=\"elementor-widget-container\">\n\t\t\t\t\t\t\t\t\t<p>Neben der in Wien stattfindenden regelm\u00e4\u00dfigen Konzertt\u00e4tigkeit in der Orangerie Sch\u00f6nbrunn wurde das Orchester als Visitenkarte \u00d6sterreichs auch bereits international gefeiert - unter anderem in Japan, Singapur, China, Russland, USA, S\u00fcdafrika, Mosambik, Brasilien, Dubai und Europa.<\/p>\t\t\t\t\t\t\t\t<\/div>\n\t\t\t\t<\/div>\n\t\t\t\t\t<\/div>\n\t\t\t\t<\/div>\n\t\t<div class=\"elementor-element elementor-element-b9d6d4f e-flex e-con-boxed e-con e-child\" data-id=\"b9d6d4f\" data-element_type=\"container\" data-e-type=\"container\">\n\t\t\t\t\t<div class=\"e-con-inner\">\n\t\t<div class=\"elementor-element elementor-element-0320998 e-grid e-con-boxed e-con e-child\" data-id=\"0320998\" data-element_type=\"container\" data-e-type=\"container\">\n\t\t\t\t\t<div class=\"e-con-inner\">\n\t\t\t\t<div class=\"elementor-element elementor-element-c9e0a0a elementor-widget elementor-widget-image\" data-id=\"c9e0a0a\" data-element_type=\"widget\" data-e-type=\"widget\" data-widget_type=\"image.default\">\n\t\t\t\t<div class=\"elementor-widget-container\">\n\t\t\t\t\t\t\t\t\t\t\t\t\t\t\t\t<a href=\"https:\/\/www.schoenbrunnorchester.com\/wp-content\/uploads\/2024\/03\/240117_Live_Nation_Schoenbrunn_Place_Orchestra_Erlend_Staub_465-scaled.jpg\" data-elementor-open-lightbox=\"yes\" data-elementor-lightbox-title=\"Singers: Simona Eisinger &amp; Sebastian Huppmann \u00a9Erlend \u0160taub\" data-e-action-hash=\"#elementor-action%3Aaction%3Dlightbox%26settings%3DeyJpZCI6Mjg0NzAsInVybCI6Imh0dHBzOlwvXC93d3cuc2Nob2VuYnJ1bm5vcmNoZXN0ZXIuY29tXC93cC1jb250ZW50XC91cGxvYWRzXC8yMDI0XC8wM1wvMjQwMTE3X0xpdmVfTmF0aW9uX1NjaG9lbmJydW5uX1BsYWNlX09yY2hlc3RyYV9FcmxlbmRfU3RhdWJfNDY1LXNjYWxlZC5qcGcifQ%3D%3D\">\n\t\t\t\t\t\t\t<img loading=\"lazy\" decoding=\"async\" width=\"2560\" height=\"1707\" src=\"https:\/\/www.schoenbrunnorchester.com\/wp-content\/uploads\/2024\/03\/240117_Live_Nation_Schoenbrunn_Place_Orchestra_Erlend_Staub_465-scaled.jpg\" class=\"attachment-full size-full wp-image-28470\" alt=\"\" srcset=\"https:\/\/www.schoenbrunnorchester.com\/wp-content\/uploads\/2024\/03\/240117_Live_Nation_Schoenbrunn_Place_Orchestra_Erlend_Staub_465-scaled.jpg 2560w, https:\/\/www.schoenbrunnorchester.com\/wp-content\/uploads\/2024\/03\/240117_Live_Nation_Schoenbrunn_Place_Orchestra_Erlend_Staub_465-300x200.jpg 300w, https:\/\/www.schoenbrunnorchester.com\/wp-content\/uploads\/2024\/03\/240117_Live_Nation_Schoenbrunn_Place_Orchestra_Erlend_Staub_465-1024x683.jpg 1024w, https:\/\/www.schoenbrunnorchester.com\/wp-content\/uploads\/2024\/03\/240117_Live_Nation_Schoenbrunn_Place_Orchestra_Erlend_Staub_465-768x512.jpg 768w, https:\/\/www.schoenbrunnorchester.com\/wp-content\/uploads\/2024\/03\/240117_Live_Nation_Schoenbrunn_Place_Orchestra_Erlend_Staub_465-1536x1024.jpg 1536w, https:\/\/www.schoenbrunnorchester.com\/wp-content\/uploads\/2024\/03\/240117_Live_Nation_Schoenbrunn_Place_Orchestra_Erlend_Staub_465-2048x1365.jpg 2048w, https:\/\/www.schoenbrunnorchester.com\/wp-content\/uploads\/2024\/03\/240117_Live_Nation_Schoenbrunn_Place_Orchestra_Erlend_Staub_465-18x12.jpg 18w\" sizes=\"(max-width: 2560px) 100vw, 2560px\" \/>\t\t\t\t\t\t\t\t<\/a>\n\t\t\t\t\t\t\t\t\t\t\t\t\t\t\t<\/div>\n\t\t\t\t<\/div>\n\t\t\t\t<div class=\"elementor-element elementor-element-8b5ee11 elementor-widget elementor-widget-image\" data-id=\"8b5ee11\" data-element_type=\"widget\" data-e-type=\"widget\" data-widget_type=\"image.default\">\n\t\t\t\t<div class=\"elementor-widget-container\">\n\t\t\t\t\t\t\t\t\t\t\t\t\t\t\t\t<a href=\"https:\/\/www.schoenbrunnorchester.com\/wp-content\/uploads\/2024\/03\/240117_Live_Nation_Schoenbrunn_Place_Orchestra_Erlend_Staub_376-1-scaled.jpg\" data-elementor-open-lightbox=\"yes\" data-elementor-lightbox-title=\"Simona Eisinger, Soprano &amp; Tanja Seara Sallustio, Concertmaster  \u00a9Erlend \u0160taub\" data-e-action-hash=\"#elementor-action%3Aaction%3Dlightbox%26settings%3DeyJpZCI6Mjg0NTQsInVybCI6Imh0dHBzOlwvXC93d3cuc2Nob2VuYnJ1bm5vcmNoZXN0ZXIuY29tXC93cC1jb250ZW50XC91cGxvYWRzXC8yMDI0XC8wM1wvMjQwMTE3X0xpdmVfTmF0aW9uX1NjaG9lbmJydW5uX1BsYWNlX09yY2hlc3RyYV9FcmxlbmRfU3RhdWJfMzc2LTEtc2NhbGVkLmpwZyJ9\">\n\t\t\t\t\t\t\t<img loading=\"lazy\" decoding=\"async\" width=\"2560\" height=\"1707\" src=\"https:\/\/www.schoenbrunnorchester.com\/wp-content\/uploads\/2024\/03\/240117_Live_Nation_Schoenbrunn_Place_Orchestra_Erlend_Staub_376-1-scaled.jpg\" class=\"attachment-full size-full wp-image-28454\" alt=\"Simona Eisinger, Soprano &amp; Tanja Seara Sallustio, Concertmaster \u00a9Erlend \u0160taub\" srcset=\"https:\/\/www.schoenbrunnorchester.com\/wp-content\/uploads\/2024\/03\/240117_Live_Nation_Schoenbrunn_Place_Orchestra_Erlend_Staub_376-1-scaled.jpg 2560w, https:\/\/www.schoenbrunnorchester.com\/wp-content\/uploads\/2024\/03\/240117_Live_Nation_Schoenbrunn_Place_Orchestra_Erlend_Staub_376-1-300x200.jpg 300w, https:\/\/www.schoenbrunnorchester.com\/wp-content\/uploads\/2024\/03\/240117_Live_Nation_Schoenbrunn_Place_Orchestra_Erlend_Staub_376-1-1024x683.jpg 1024w, https:\/\/www.schoenbrunnorchester.com\/wp-content\/uploads\/2024\/03\/240117_Live_Nation_Schoenbrunn_Place_Orchestra_Erlend_Staub_376-1-768x512.jpg 768w, https:\/\/www.schoenbrunnorchester.com\/wp-content\/uploads\/2024\/03\/240117_Live_Nation_Schoenbrunn_Place_Orchestra_Erlend_Staub_376-1-1536x1024.jpg 1536w, https:\/\/www.schoenbrunnorchester.com\/wp-content\/uploads\/2024\/03\/240117_Live_Nation_Schoenbrunn_Place_Orchestra_Erlend_Staub_376-1-2048x1365.jpg 2048w, https:\/\/www.schoenbrunnorchester.com\/wp-content\/uploads\/2024\/03\/240117_Live_Nation_Schoenbrunn_Place_Orchestra_Erlend_Staub_376-1-18x12.jpg 18w\" sizes=\"(max-width: 2560px) 100vw, 2560px\" \/>\t\t\t\t\t\t\t\t<\/a>\n\t\t\t\t\t\t\t\t\t\t\t\t\t\t\t<\/div>\n\t\t\t\t<\/div>\n\t\t\t\t\t<\/div>\n\t\t\t\t<\/div>\n\t\t\t\t\t<\/div>\n\t\t\t\t<\/div>\n\t\t<div class=\"elementor-element elementor-element-769e56c e-flex e-con-boxed e-con e-child\" data-id=\"769e56c\" data-element_type=\"container\" data-e-type=\"container\">\n\t\t\t\t\t<div class=\"e-con-inner\">\n\t\t<div class=\"elementor-element elementor-element-aeb9804 e-con-full e-flex e-con e-child\" data-id=\"aeb9804\" data-element_type=\"container\" data-e-type=\"container\">\n\t\t\t\t<div class=\"elementor-element elementor-element-78836d0 elementor-widget elementor-widget-image\" data-id=\"78836d0\" data-element_type=\"widget\" data-e-type=\"widget\" data-widget_type=\"image.default\">\n\t\t\t\t<div class=\"elementor-widget-container\">\n\t\t\t\t\t\t\t\t\t\t\t\t\t\t\t\t<a href=\"https:\/\/www.schoenbrunnorchester.com\/wp-content\/uploads\/2023\/11\/Bucharest_03.jpg\" data-elementor-open-lightbox=\"yes\" data-elementor-lightbox-title=\"Sch\u00f6nbrunn Palace Orchestra @ &quot;Ateneul Rom\u00e2n&quot; Bucharest \u00a9Midnight Studio\/Gabriel Isac\" data-e-action-hash=\"#elementor-action%3Aaction%3Dlightbox%26settings%3DeyJpZCI6MjQxOTgsInVybCI6Imh0dHBzOlwvXC93d3cuc2Nob2VuYnJ1bm5vcmNoZXN0ZXIuY29tXC93cC1jb250ZW50XC91cGxvYWRzXC8yMDIzXC8xMVwvQnVjaGFyZXN0XzAzLmpwZyJ9\">\n\t\t\t\t\t\t\t<img loading=\"lazy\" decoding=\"async\" width=\"2048\" height=\"1366\" src=\"https:\/\/www.schoenbrunnorchester.com\/wp-content\/uploads\/2023\/11\/Bucharest_03.jpg\" class=\"attachment-full size-full wp-image-24198\" alt=\"Bucharest, Romania Sch\u00f6nbrunn Palace Orchestra\" srcset=\"https:\/\/www.schoenbrunnorchester.com\/wp-content\/uploads\/2023\/11\/Bucharest_03.jpg 2048w, https:\/\/www.schoenbrunnorchester.com\/wp-content\/uploads\/2023\/11\/Bucharest_03-300x200.jpg 300w, https:\/\/www.schoenbrunnorchester.com\/wp-content\/uploads\/2023\/11\/Bucharest_03-1024x683.jpg 1024w, https:\/\/www.schoenbrunnorchester.com\/wp-content\/uploads\/2023\/11\/Bucharest_03-768x512.jpg 768w, https:\/\/www.schoenbrunnorchester.com\/wp-content\/uploads\/2023\/11\/Bucharest_03-1536x1025.jpg 1536w, https:\/\/www.schoenbrunnorchester.com\/wp-content\/uploads\/2023\/11\/Bucharest_03-18x12.jpg 18w\" sizes=\"(max-width: 2048px) 100vw, 2048px\" \/>\t\t\t\t\t\t\t\t<\/a>\n\t\t\t\t\t\t\t\t\t\t\t\t\t\t\t<\/div>\n\t\t\t\t<\/div>\n\t\t<div class=\"elementor-element elementor-element-b2dd728 e-flex e-con-boxed e-con e-child\" data-id=\"b2dd728\" data-element_type=\"container\" data-e-type=\"container\">\n\t\t\t\t\t<div class=\"e-con-inner\">\n\t\t<div class=\"elementor-element elementor-element-e904437 e-flex e-con-boxed e-con e-child\" data-id=\"e904437\" data-element_type=\"container\" data-e-type=\"container\">\n\t\t\t\t\t<div class=\"e-con-inner\">\n\t\t\t\t<div class=\"elementor-element elementor-element-c9b3464 elementor-widget elementor-widget-text-editor\" data-id=\"c9b3464\" data-element_type=\"widget\" data-e-type=\"widget\" data-widget_type=\"text-editor.default\">\n\t\t\t\t<div class=\"elementor-widget-container\">\n\t\t\t\t\t\t\t\t\t<p>Entdecken Sie unsere gro\u00dfe Auswahl an herunterladbaren Fotos und Videos in der Orchester-Medienabteilung<\/p><p>Unsere st\u00e4ndig wachsende Mediathek hat immer etwas Neues zu entdecken.<\/p>\t\t\t\t\t\t\t\t<\/div>\n\t\t\t\t<\/div>\n\t\t\t\t<div class=\"elementor-element elementor-element-7245418 swipe-button-wrapper elementor-mobile-align-justify elementor-button-warning elementor-widget elementor-widget-button\" data-id=\"7245418\" data-element_type=\"widget\" data-e-type=\"widget\" data-widget_type=\"button.default\">\n\t\t\t\t<div class=\"elementor-widget-container\">\n\t\t\t\t\t\t\t\t\t<div class=\"elementor-button-wrapper\">\n\t\t\t\t\t<a class=\"elementor-button elementor-button-link elementor-size-sm\" href=\"\/de\/media\/\">\n\t\t\t\t\t\t<span class=\"elementor-button-content-wrapper\">\n\t\t\t\t\t\t\t\t\t<span class=\"elementor-button-text\">MEDIEN<\/span>\n\t\t\t\t\t<\/span>\n\t\t\t\t\t<\/a>\n\t\t\t\t<\/div>\n\t\t\t\t\t\t\t\t<\/div>\n\t\t\t\t<\/div>\n\t\t\t\t\t<\/div>\n\t\t\t\t<\/div>\n\t\t\t\t\t<\/div>\n\t\t\t\t<\/div>\n\t\t\t\t<\/div>\n\t\t\t\t\t<\/div>\n\t\t\t\t<\/div>\n\t\t\t\t\t<\/div>\n\t\t\t\t<\/div>\n\t\t\t\t<\/div>","protected":false},"excerpt":{"rendered":"<p>EXPERIENCE CLASSICAL MUSIC AT THE HIGHEST LEVEL Sch\u00f6nbrunn Palace Orchestra We are a highly professional, traditional, and internationally acclaimed Viennese chamber orchestra, which has celebrated many great successes since its founding in 1997. We specialize in the repertoire of Viennese classical music, in particular the works of Joseph Haydn and Wolfgang Amadeus Mozart, as well [&hellip;]<\/p>\n","protected":false},"author":4,"featured_media":0,"parent":0,"menu_order":0,"comment_status":"closed","ping_status":"closed","template":"","meta":{"_acf_changed":false,"footnotes":""},"class_list":["post-29279","page","type-page","status-publish","hentry"],"acf":[],"_links":{"self":[{"href":"https:\/\/www.schoenbrunnorchester.com\/de\/wp-json\/wp\/v2\/pages\/29279","targetHints":{"allow":["GET"]}}],"collection":[{"href":"https:\/\/www.schoenbrunnorchester.com\/de\/wp-json\/wp\/v2\/pages"}],"about":[{"href":"https:\/\/www.schoenbrunnorchester.com\/de\/wp-json\/wp\/v2\/types\/page"}],"author":[{"embeddable":true,"href":"https:\/\/www.schoenbrunnorchester.com\/de\/wp-json\/wp\/v2\/users\/4"}],"replies":[{"embeddable":true,"href":"https:\/\/www.schoenbrunnorchester.com\/de\/wp-json\/wp\/v2\/comments?post=29279"}],"version-history":[{"count":10,"href":"https:\/\/www.schoenbrunnorchester.com\/de\/wp-json\/wp\/v2\/pages\/29279\/revisions"}],"predecessor-version":[{"id":37917,"href":"https:\/\/www.schoenbrunnorchester.com\/de\/wp-json\/wp\/v2\/pages\/29279\/revisions\/37917"}],"wp:attachment":[{"href":"https:\/\/www.schoenbrunnorchester.com\/de\/wp-json\/wp\/v2\/media?parent=29279"}],"curies":[{"name":"wp","href":"https:\/\/api.w.org\/{rel}","templated":true}]}}