{"id":6866,"date":"2023-11-16T17:43:48","date_gmt":"2023-11-16T17:43:48","guid":{"rendered":"http:\/\/redesign.schoenbrunnorchester.com\/?page_id=6866"},"modified":"2026-03-18T17:17:29","modified_gmt":"2026-03-18T17:17:29","slug":"schoenbrunn-palace-concerts","status":"publish","type":"page","link":"https:\/\/www.schoenbrunnorchester.com\/de\/concerts\/schoenbrunn-palace-concerts\/","title":{"rendered":"Schloss Sch\u00f6nbrunn Konzerte"},"content":{"rendered":"<div data-elementor-type=\"wp-page\" data-elementor-id=\"6866\" class=\"elementor elementor-6866\" data-elementor-post-type=\"page\">\n\t\t\t\t<div class=\"elementor-element elementor-element-779c446 e-flex e-con-boxed e-con e-parent\" data-id=\"779c446\" data-element_type=\"container\" data-e-type=\"container\" data-settings=\"{&quot;background_background&quot;:&quot;classic&quot;}\">\n\t\t\t\t\t<div class=\"e-con-inner\">\n\t\t\t\t<div class=\"elementor-element elementor-element-97f573e elementor-widget elementor-widget-heading\" data-id=\"97f573e\" data-element_type=\"widget\" data-e-type=\"widget\" data-widget_type=\"heading.default\">\n\t\t\t\t<div class=\"elementor-widget-container\">\n\t\t\t\t\t<h2 class=\"elementor-heading-title elementor-size-default\">T\u00c4GLICH LIVE<\/h2>\t\t\t\t<\/div>\n\t\t\t\t<\/div>\n\t\t\t\t<div class=\"elementor-element elementor-element-ee87d94 elementor-widget elementor-widget-heading\" data-id=\"ee87d94\" data-element_type=\"widget\" data-e-type=\"widget\" data-widget_type=\"heading.default\">\n\t\t\t\t<div class=\"elementor-widget-container\">\n\t\t\t\t\t<h1 class=\"elementor-heading-title elementor-size-default\">Schloss Sch\u00f6nbrunn Konzerte<\/h1>\t\t\t\t<\/div>\n\t\t\t\t<\/div>\n\t\t\t\t<div class=\"elementor-element elementor-element-6cdde2f elementor-widget elementor-widget-spacer\" data-id=\"6cdde2f\" data-element_type=\"widget\" data-e-type=\"widget\" data-widget_type=\"spacer.default\">\n\t\t\t\t<div class=\"elementor-widget-container\">\n\t\t\t\t\t\t\t<div class=\"elementor-spacer\">\n\t\t\t<div class=\"elementor-spacer-inner\"><\/div>\n\t\t<\/div>\n\t\t\t\t\t\t<\/div>\n\t\t\t\t<\/div>\n\t\t\t\t<div class=\"elementor-element elementor-element-4e19e4c elementor-widget elementor-widget-heading\" data-id=\"4e19e4c\" data-element_type=\"widget\" data-e-type=\"widget\" data-widget_type=\"heading.default\">\n\t\t\t\t<div class=\"elementor-widget-container\">\n\t\t\t\t\t<h2 class=\"elementor-heading-title elementor-size-default\">Entdecken Sie unsere t\u00e4glichen Schloss Sch\u00f6nbrunn Konzerte und erfahren Sie \u00fcber den untenstehenden Button, an welchem Veranstaltungsort das Konzert an Ihrem gew\u00fcnschten Datum stattfindet.<\/h2>\t\t\t\t<\/div>\n\t\t\t\t<\/div>\n\t\t\t\t<div class=\"elementor-element elementor-element-4f22362 elementor-align-center swipe-button-wrapper elementor-mobile-align-center elementor-button-warning elementor-widget elementor-widget-button\" data-id=\"4f22362\" data-element_type=\"widget\" data-e-type=\"widget\" data-widget_type=\"button.default\">\n\t\t\t\t<div class=\"elementor-widget-container\">\n\t\t\t\t\t\t\t\t\t<div class=\"elementor-button-wrapper\">\n\t\t\t\t\t<a class=\"elementor-button elementor-button-link elementor-size-sm\" href=\"https:\/\/www.palaceconcertsvienna.com\/en\/venue\/dates\" target=\"_blank\" rel=\"noopener\">\n\t\t\t\t\t\t<span class=\"elementor-button-content-wrapper\">\n\t\t\t\t\t\t\t\t\t<span class=\"elementor-button-text\">TERMINE<\/span>\n\t\t\t\t\t<\/span>\n\t\t\t\t\t<\/a>\n\t\t\t\t<\/div>\n\t\t\t\t\t\t\t\t<\/div>\n\t\t\t\t<\/div>\n\t\t\t\t<div class=\"elementor-element elementor-element-8389140 elementor-widget elementor-widget-spacer\" data-id=\"8389140\" data-element_type=\"widget\" data-e-type=\"widget\" data-widget_type=\"spacer.default\">\n\t\t\t\t<div class=\"elementor-widget-container\">\n\t\t\t\t\t\t\t<div class=\"elementor-spacer\">\n\t\t\t<div class=\"elementor-spacer-inner\"><\/div>\n\t\t<\/div>\n\t\t\t\t\t\t<\/div>\n\t\t\t\t<\/div>\n\t\t\t\t\t<\/div>\n\t\t\t\t<\/div>\n\t\t\t\t<\/div>","protected":false},"excerpt":{"rendered":"<p>Sch\u00f6nnbrunn Palace Concerts<\/p>","protected":false},"author":4,"featured_media":0,"parent":22332,"menu_order":0,"comment_status":"closed","ping_status":"closed","template":"","meta":{"_acf_changed":false,"footnotes":""},"class_list":["post-6866","page","type-page","status-publish","hentry"],"acf":[],"_links":{"self":[{"href":"https:\/\/www.schoenbrunnorchester.com\/de\/wp-json\/wp\/v2\/pages\/6866","targetHints":{"allow":["GET"]}}],"collection":[{"href":"https:\/\/www.schoenbrunnorchester.com\/de\/wp-json\/wp\/v2\/pages"}],"about":[{"href":"https:\/\/www.schoenbrunnorchester.com\/de\/wp-json\/wp\/v2\/types\/page"}],"author":[{"embeddable":true,"href":"https:\/\/www.schoenbrunnorchester.com\/de\/wp-json\/wp\/v2\/users\/4"}],"replies":[{"embeddable":true,"href":"https:\/\/www.schoenbrunnorchester.com\/de\/wp-json\/wp\/v2\/comments?post=6866"}],"version-history":[{"count":10,"href":"https:\/\/www.schoenbrunnorchester.com\/de\/wp-json\/wp\/v2\/pages\/6866\/revisions"}],"predecessor-version":[{"id":37779,"href":"https:\/\/www.schoenbrunnorchester.com\/de\/wp-json\/wp\/v2\/pages\/6866\/revisions\/37779"}],"up":[{"embeddable":true,"href":"https:\/\/www.schoenbrunnorchester.com\/de\/wp-json\/wp\/v2\/pages\/22332"}],"wp:attachment":[{"href":"https:\/\/www.schoenbrunnorchester.com\/de\/wp-json\/wp\/v2\/media?parent=6866"}],"curies":[{"name":"wp","href":"https:\/\/api.w.org\/{rel}","templated":true}]}}